{"id":367,"date":"2020-06-17T12:37:52","date_gmt":"2020-06-17T12:37:52","guid":{"rendered":"https:\/\/www.escrime-fle.lu\/?page_id=367"},"modified":"2024-09-27T15:22:59","modified_gmt":"2024-09-27T15:22:59","slug":"licences-2","status":"publish","type":"page","link":"https:\/\/www.escrime-fle.lu\/?page_id=367","title":{"rendered":"Licence"},"content":{"rendered":"\t\t<div data-elementor-type=\"wp-page\" data-elementor-id=\"367\" class=\"elementor elementor-367\">\n\t\t\t\t\t\t<section class=\"elementor-section elementor-top-section elementor-element elementor-element-5131a13e elementor-section-boxed elementor-section-height-default elementor-section-height-default\" data-id=\"5131a13e\" data-element_type=\"section\" data-e-type=\"section\" data-settings=\"{&quot;background_background&quot;:&quot;classic&quot;}\">\n\t\t\t\t\t\t\t<div class=\"elementor-background-overlay\"><\/div>\n\t\t\t\t\t\t\t<div class=\"elementor-container elementor-column-gap-default\">\n\t\t\t\t\t<div class=\"elementor-column elementor-col-100 elementor-top-column elementor-element elementor-element-1053ca7a\" data-id=\"1053ca7a\" data-element_type=\"column\" data-e-type=\"column\">\n\t\t\t<div class=\"elementor-widget-wrap elementor-element-populated\">\n\t\t\t\t\t\t<div class=\"elementor-element elementor-element-3d99e122 elementor-widget elementor-widget-heading\" data-id=\"3d99e122\" data-element_type=\"widget\" data-e-type=\"widget\" data-widget_type=\"heading.default\">\n\t\t\t\t<div class=\"elementor-widget-container\">\n\t\t\t\t\t<h1 class=\"elementor-heading-title elementor-size-default\">Licence<\/h1>\t\t\t\t<\/div>\n\t\t\t\t<\/div>\n\t\t\t\t\t<\/div>\n\t\t<\/div>\n\t\t\t\t\t<\/div>\n\t\t<\/section>\n\t\t\t\t<section class=\"elementor-section elementor-top-section elementor-element elementor-element-59a5ef5 elementor-section-boxed elementor-section-height-default elementor-section-height-default\" data-id=\"59a5ef5\" data-element_type=\"section\" data-e-type=\"section\">\n\t\t\t\t\t\t<div class=\"elementor-container elementor-column-gap-default\">\n\t\t\t\t\t<div class=\"elementor-column elementor-col-100 elementor-top-column elementor-element elementor-element-e65ca13\" data-id=\"e65ca13\" data-element_type=\"column\" data-e-type=\"column\">\n\t\t\t<div class=\"elementor-widget-wrap elementor-element-populated\">\n\t\t\t\t\t\t<div class=\"elementor-element elementor-element-f4a2f6e elementor-widget elementor-widget-spacer\" data-id=\"f4a2f6e\" data-element_type=\"widget\" data-e-type=\"widget\" data-widget_type=\"spacer.default\">\n\t\t\t\t<div class=\"elementor-widget-container\">\n\t\t\t\t\t\t\t<div class=\"elementor-spacer\">\n\t\t\t<div class=\"elementor-spacer-inner\"><\/div>\n\t\t<\/div>\n\t\t\t\t\t\t<\/div>\n\t\t\t\t<\/div>\n\t\t\t\t\t<\/div>\n\t\t<\/div>\n\t\t\t\t\t<\/div>\n\t\t<\/section>\n\t\t\t\t<section class=\"elementor-section elementor-top-section elementor-element elementor-element-1f59b06 elementor-section-boxed elementor-section-height-default elementor-section-height-default\" data-id=\"1f59b06\" data-element_type=\"section\" data-e-type=\"section\">\n\t\t\t\t\t\t<div class=\"elementor-container elementor-column-gap-default\">\n\t\t\t\t\t<div class=\"elementor-column elementor-col-50 elementor-top-column elementor-element elementor-element-e7e1f7c\" data-id=\"e7e1f7c\" data-element_type=\"column\" data-e-type=\"column\">\n\t\t\t<div class=\"elementor-widget-wrap elementor-element-populated\">\n\t\t\t\t\t\t<div class=\"elementor-element elementor-element-b326e28 elementor-widget elementor-widget-button\" data-id=\"b326e28\" data-element_type=\"widget\" data-e-type=\"widget\" data-widget_type=\"button.default\">\n\t\t\t\t<div class=\"elementor-widget-container\">\n\t\t\t\t\t\t\t\t\t<div class=\"elementor-button-wrapper\">\n\t\t\t\t\t<a class=\"elementor-button elementor-button-link elementor-size-sm\" href=\"https:\/\/app.skermo.org\/login-FLE\" target=\"_blank\">\n\t\t\t\t\t\t<span class=\"elementor-button-content-wrapper\">\n\t\t\t\t\t\t\t\t\t<span class=\"elementor-button-text\"> licence CHeck<\/span>\n\t\t\t\t\t<\/span>\n\t\t\t\t\t<\/a>\n\t\t\t\t<\/div>\n\t\t\t\t\t\t\t\t<\/div>\n\t\t\t\t<\/div>\n\t\t\t\t\t<\/div>\n\t\t<\/div>\n\t\t\t\t<div class=\"elementor-column elementor-col-50 elementor-top-column elementor-element elementor-element-825a7cd\" data-id=\"825a7cd\" data-element_type=\"column\" data-e-type=\"column\">\n\t\t\t<div class=\"elementor-widget-wrap\">\n\t\t\t\t\t\t\t<\/div>\n\t\t<\/div>\n\t\t\t\t\t<\/div>\n\t\t<\/section>\n\t\t\t\t<section class=\"elementor-section elementor-top-section elementor-element elementor-element-5e1169a elementor-section-boxed elementor-section-height-default elementor-section-height-default\" data-id=\"5e1169a\" data-element_type=\"section\" data-e-type=\"section\">\n\t\t\t\t\t\t<div class=\"elementor-container elementor-column-gap-default\">\n\t\t\t\t\t<div class=\"elementor-column elementor-col-100 elementor-top-column elementor-element elementor-element-6d95710\" data-id=\"6d95710\" data-element_type=\"column\" data-e-type=\"column\">\n\t\t\t<div class=\"elementor-widget-wrap elementor-element-populated\">\n\t\t\t\t\t\t<div class=\"elementor-element elementor-element-ded9f1a elementor-widget elementor-widget-text-editor\" data-id=\"ded9f1a\" data-element_type=\"widget\" data-e-type=\"widget\" data-widget_type=\"text-editor.default\">\n\t\t\t\t<div class=\"elementor-widget-container\">\n\t\t\t\t\t\t\t\t\t<p><strong>Chers responsables de cercle,<\/strong><\/p><p>Apr\u00e8s avoir \u00e9t\u00e9 confront\u00e9 \u00e0 plusieurs demandes de diff\u00e9rents cercles d&#8217;escrime concernant le fonctionnement des licences d\u00e9livr\u00e9es par la FLE aux membres des cercles, le pr\u00e9sident et le conseiller juridique de la FLE ont revu les textes en vigueur (dont une compilation est annex\u00e9e en pi\u00e8ce jointe). Il en d\u00e9coule clairement que pour la pratique du sport en g\u00e9n\u00e9ral et de l&#8217;escrime en particulier, la licence est n\u00e9cessaire. Il est \u00e0 noter qu\u2019elle n\u2019est ni facultative ni valable pour les entra\u00eeneurs professionnels des cercles.<\/p><p>Il en d\u00e9coule que :<\/p><p>Chaque cercle DOIT imp\u00e9rativement demander une licence pour CHAQUE personne pratiquant l\u2019escrime au sein de son cercle afin que les escrimeurs des cercles soient couverts par les garanties octroy\u00e9es du fait de l\u2019affiliation \u00e0 la FLE (telles que d\u00e9crites dans la pi\u00e8ce jointe).<\/p><p>Le passage \u00e0 l&#8217;Institut National du Sport afin d&#8217;obtenir le certificat dit \u00ab m\u00e9dico sportif \u00bb d&#8217;aptitude \u00e0 la pratique de l&#8217;escrime est toujours OBLIGATOIRE et les escrimeurs sont tenus d&#8217;\u00eatre en mesure de pr\u00e9senter un \u00ab m\u00e9dico sportif \u00bb \u00e0 jour pour les ann\u00e9es de demande d&#8217;obtention de licence.<\/p><p>Les entra\u00eeneurs des cercles d&#8217;escrime doivent en outre \u00eatre couverts par une assurance PROFESSIONNELLE \u00e0 charge de leur cercle d&#8217;escrime respectif.<\/p><p>En r\u00e9sum\u00e9 :<\/p><p>Chaque personne participant \u00e0 un \u00e9v\u00e9nement sportif organis\u00e9 par un cercle DOIT \u00eatre en possession d\u2019une licence et d\u2019un \u00ab m\u00e9dico \u00bb.<\/p><p>A partir du 1.1.2011 aucune personne sans licence valable (= licence + m\u00e9dico) ne pourra participer \u00e0 des \u00e9v\u00e9nements officiels. Pour les escrimeurs du cadre, le statut cadre sera suspendu, ils ne pourront d\u00e8s lors plus participer \u00e0 l\u2019entra\u00eenement f\u00e9d\u00e9ral jusqu\u2019\u00e0 r\u00e9gularisation.<\/p><p>La FLE est consciente que ceci constitue un frein pour permettre de r\u00e9aliser des \u00ab essais \u00bb au cercle et proposera une solution ad\u00e9quate lors de l\u2019AGO.<\/p><p>Il est de plus port\u00e9 \u00e0 l&#8217;attention des cercles d&#8217;escrime que les accidents qui surviendraient \u00e0 des escrimeurs non licenci\u00e9s, ou sans licence valable ou caus\u00e9s par des escrimeurs non licenci\u00e9s, ou sans licence valable rel\u00e8veront de la responsabilit\u00e9 des escrimeurs non licenci\u00e9s ou sans licence valable mais aussi des cercles d&#8217;escrime de ces escrimeurs non licenci\u00e9s ou sans licence valable.<\/p><p>G\u00e9rard Zens,<br \/>Pr\u00e9sident<\/p><p>.<\/p>\t\t\t\t\t\t\t\t<\/div>\n\t\t\t\t<\/div>\n\t\t\t\t\t<\/div>\n\t\t<\/div>\n\t\t\t\t\t<\/div>\n\t\t<\/section>\n\t\t\t\t<section class=\"elementor-section elementor-top-section elementor-element elementor-element-afb385c elementor-section-boxed elementor-section-height-default elementor-section-height-default\" data-id=\"afb385c\" data-element_type=\"section\" data-e-type=\"section\">\n\t\t\t\t\t\t<div class=\"elementor-container elementor-column-gap-default\">\n\t\t\t\t\t<div class=\"elementor-column elementor-col-100 elementor-top-column elementor-element elementor-element-e74edef\" data-id=\"e74edef\" data-element_type=\"column\" data-e-type=\"column\">\n\t\t\t<div class=\"elementor-widget-wrap\">\n\t\t\t\t\t\t\t<\/div>\n\t\t<\/div>\n\t\t\t\t\t<\/div>\n\t\t<\/section>\n\t\t\t\t<section class=\"elementor-section elementor-top-section elementor-element elementor-element-477a883 elementor-section-boxed elementor-section-height-default elementor-section-height-default\" data-id=\"477a883\" data-element_type=\"section\" data-e-type=\"section\">\n\t\t\t\t\t\t<div class=\"elementor-container elementor-column-gap-default\">\n\t\t\t\t\t<div class=\"elementor-column elementor-col-100 elementor-top-column elementor-element elementor-element-92df2cd\" data-id=\"92df2cd\" data-element_type=\"column\" data-e-type=\"column\">\n\t\t\t<div class=\"elementor-widget-wrap elementor-element-populated\">\n\t\t\t\t\t\t<section class=\"elementor-section elementor-inner-section elementor-element elementor-element-6fdb3b7 elementor-section-boxed elementor-section-height-default elementor-section-height-default\" data-id=\"6fdb3b7\" data-element_type=\"section\" data-e-type=\"section\" data-settings=\"{&quot;background_background&quot;:&quot;classic&quot;}\">\n\t\t\t\t\t\t\t<div class=\"elementor-background-overlay\"><\/div>\n\t\t\t\t\t\t\t<div class=\"elementor-container elementor-column-gap-default\">\n\t\t\t\t\t<div class=\"elementor-column elementor-col-50 elementor-inner-column elementor-element elementor-element-b6ddda9\" data-id=\"b6ddda9\" data-element_type=\"column\" data-e-type=\"column\">\n\t\t\t<div class=\"elementor-widget-wrap elementor-element-populated\">\n\t\t\t\t\t\t<div class=\"elementor-element elementor-element-04bf63b elementor-widget elementor-widget-image\" data-id=\"04bf63b\" data-element_type=\"widget\" data-e-type=\"widget\" data-widget_type=\"image.default\">\n\t\t\t\t<div class=\"elementor-widget-container\">\n\t\t\t\t\t\t\t\t\t\t\t\t\t\t\t<img fetchpriority=\"high\" decoding=\"async\" width=\"1024\" height=\"498\" src=\"https:\/\/www.escrime-fle.lu\/wp-content\/uploads\/2024\/01\/fle-1024x498.jpg\" class=\"attachment-large size-large wp-image-1081\" alt=\"\" srcset=\"https:\/\/www.escrime-fle.lu\/wp-content\/uploads\/2024\/01\/fle-1024x498.jpg 1024w, https:\/\/www.escrime-fle.lu\/wp-content\/uploads\/2024\/01\/fle-300x146.jpg 300w, https:\/\/www.escrime-fle.lu\/wp-content\/uploads\/2024\/01\/fle-768x374.jpg 768w, https:\/\/www.escrime-fle.lu\/wp-content\/uploads\/2024\/01\/fle-1536x747.jpg 1536w, https:\/\/www.escrime-fle.lu\/wp-content\/uploads\/2024\/01\/fle.jpg 2048w\" sizes=\"(max-width: 1024px) 100vw, 1024px\" \/>\t\t\t\t\t\t\t\t\t\t\t\t\t\t\t<\/div>\n\t\t\t\t<\/div>\n\t\t\t\t\t<\/div>\n\t\t<\/div>\n\t\t\t\t<div class=\"elementor-column elementor-col-50 elementor-inner-column elementor-element elementor-element-b809d61\" data-id=\"b809d61\" data-element_type=\"column\" data-e-type=\"column\">\n\t\t\t<div class=\"elementor-widget-wrap elementor-element-populated\">\n\t\t\t\t\t\t<div class=\"elementor-element elementor-element-15957f5 elementor-widget elementor-widget-heading\" data-id=\"15957f5\" data-element_type=\"widget\" data-e-type=\"widget\" data-widget_type=\"heading.default\">\n\t\t\t\t<div class=\"elementor-widget-container\">\n\t\t\t\t\t<h1 class=\"elementor-heading-title elementor-size-large\">TRANSFERT de LICENCE<\/h1>\t\t\t\t<\/div>\n\t\t\t\t<\/div>\n\t\t\t\t<div class=\"elementor-element elementor-element-6f68d18 elementor-icon-list--layout-traditional elementor-list-item-link-full_width elementor-widget elementor-widget-icon-list\" data-id=\"6f68d18\" data-element_type=\"widget\" data-e-type=\"widget\" data-widget_type=\"icon-list.default\">\n\t\t\t\t<div class=\"elementor-widget-container\">\n\t\t\t\t\t\t\t<ul class=\"elementor-icon-list-items\">\n\t\t\t\t\t\t\t<li class=\"elementor-icon-list-item\">\n\t\t\t\t\t\t\t\t\t\t\t<span class=\"elementor-icon-list-icon\">\n\t\t\t\t\t\t\t<i aria-hidden=\"true\" class=\"fas fa-angle-right\"><\/i>\t\t\t\t\t\t<\/span>\n\t\t\t\t\t\t\t\t\t\t<span class=\"elementor-icon-list-text\">ARTICLE 7 - EXCLUSIVITE <br>Tout escrimeur ne peut appartenir qu\u2019\u00e0 un seul cercle affili\u00e9 \u00e0 la FLE. Un escrimeur voulant changer de cercle doit en faire la demande avant le 1er octobre. Le transfert entrera en vigueur le 15 octobre de la m\u00eame ann\u00e9e. Les demandes de transfert doivent \u00eatre \u00e9tablies par l\u2019int\u00e9ress\u00e9 lui-m\u00eame par lettre ou courriel et \u00eatre adress\u00e9es \u00e0 la FLE, \u00e0 son ancien cercle ainsi qu\u2019au nouveau cercle. La demande de transfert d\u2019un escrimeur mineur doit \u00eatre contresign\u00e9e par son tuteur ou par l\u2019administrateur l\u00e9gal de ses biens et de sa personne. Le transfert ne peut \u00eatre refus\u00e9 par l\u2019ancien cercle qu\u2019au cas o\u00f9 l\u2019escrimeur en question n\u2019a pas r\u00e9gl\u00e9 ses obligations envers lui.<\/span>\n\t\t\t\t\t\t\t\t\t<\/li>\n\t\t\t\t\t\t<\/ul>\n\t\t\t\t\t\t<\/div>\n\t\t\t\t<\/div>\n\t\t\t\t\t<\/div>\n\t\t<\/div>\n\t\t\t\t\t<\/div>\n\t\t<\/section>\n\t\t\t\t\t<\/div>\n\t\t<\/div>\n\t\t\t\t\t<\/div>\n\t\t<\/section>\n\t\t\t\t<\/div>\n\t\t","protected":false},"excerpt":{"rendered":"<p>Licence licence CHeck Chers responsables de cercle, Apr\u00e8s avoir \u00e9t\u00e9 confront\u00e9 \u00e0 plusieurs demandes de diff\u00e9rents cercles d&#8217;escrime concernant le fonctionnement des licences d\u00e9livr\u00e9es par la FLE aux membres des cercles, le pr\u00e9sident et le conseiller juridique de la FLE ont revu les textes en vigueur (dont une compilation est annex\u00e9e en pi\u00e8ce jointe). Il [&hellip;]<\/p>\n","protected":false},"author":1,"featured_media":0,"parent":0,"menu_order":0,"comment_status":"closed","ping_status":"closed","template":"","meta":{"site-sidebar-layout":"no-sidebar","site-content-layout":"page-builder","ast-site-content-layout":"default","site-content-style":"default","site-sidebar-style":"default","ast-global-header-display":"","ast-banner-title-visibility":"","ast-main-header-display":"","ast-hfb-above-header-display":"","ast-hfb-below-header-display":"","ast-hfb-mobile-header-display":"","site-post-title":"disabled","ast-breadcrumbs-content":"","ast-featured-img":"disabled","footer-sml-layout":"","ast-disable-related-posts":"","theme-transparent-header-meta":"default","adv-header-id-meta":"","stick-header-meta":"","header-above-stick-meta":"","header-main-stick-meta":"","header-below-stick-meta":"","astra-migrate-meta-layouts":"default","ast-page-background-enabled":"default","ast-page-background-meta":{"desktop":{"background-color":"","background-image":"","background-repeat":"repeat","background-position":"center center","background-size":"auto","background-attachment":"scroll","background-type":"","background-media":"","overlay-type":"","overlay-color":"","overlay-opacity":"","overlay-gradient":""},"tablet":{"background-color":"","background-image":"","background-repeat":"repeat","background-position":"center center","background-size":"auto","background-attachment":"scroll","background-type":"","background-media":"","overlay-type":"","overlay-color":"","overlay-opacity":"","overlay-gradient":""},"mobile":{"background-color":"","background-image":"","background-repeat":"repeat","background-position":"center center","background-size":"auto","background-attachment":"scroll","background-type":"","background-media":"","overlay-type":"","overlay-color":"","overlay-opacity":"","overlay-gradient":""}},"ast-content-background-meta":{"desktop":{"background-color":"var(--ast-global-color-5)","background-image":"","background-repeat":"repeat","background-position":"center center","background-size":"auto","background-attachment":"scroll","background-type":"","background-media":"","overlay-type":"","overlay-color":"","overlay-opacity":"","overlay-gradient":""},"tablet":{"background-color":"var(--ast-global-color-5)","background-image":"","background-repeat":"repeat","background-position":"center center","background-size":"auto","background-attachment":"scroll","background-type":"","background-media":"","overlay-type":"","overlay-color":"","overlay-opacity":"","overlay-gradient":""},"mobile":{"background-color":"var(--ast-global-color-5)","background-image":"","background-repeat":"repeat","background-position":"center center","background-size":"auto","background-attachment":"scroll","background-type":"","background-media":"","overlay-type":"","overlay-color":"","overlay-opacity":"","overlay-gradient":""}},"footnotes":""},"class_list":["post-367","page","type-page","status-publish","hentry"],"_links":{"self":[{"href":"https:\/\/www.escrime-fle.lu\/index.php?rest_route=\/wp\/v2\/pages\/367","targetHints":{"allow":["GET"]}}],"collection":[{"href":"https:\/\/www.escrime-fle.lu\/index.php?rest_route=\/wp\/v2\/pages"}],"about":[{"href":"https:\/\/www.escrime-fle.lu\/index.php?rest_route=\/wp\/v2\/types\/page"}],"author":[{"embeddable":true,"href":"https:\/\/www.escrime-fle.lu\/index.php?rest_route=\/wp\/v2\/users\/1"}],"replies":[{"embeddable":true,"href":"https:\/\/www.escrime-fle.lu\/index.php?rest_route=%2Fwp%2Fv2%2Fcomments&post=367"}],"version-history":[{"count":15,"href":"https:\/\/www.escrime-fle.lu\/index.php?rest_route=\/wp\/v2\/pages\/367\/revisions"}],"predecessor-version":[{"id":1119,"href":"https:\/\/www.escrime-fle.lu\/index.php?rest_route=\/wp\/v2\/pages\/367\/revisions\/1119"}],"wp:attachment":[{"href":"https:\/\/www.escrime-fle.lu\/index.php?rest_route=%2Fwp%2Fv2%2Fmedia&parent=367"}],"curies":[{"name":"wp","href":"https:\/\/api.w.org\/{rel}","templated":true}]}}